{"id":686,"date":"2024-02-27T13:44:27","date_gmt":"2024-02-27T10:44:27","guid":{"rendered":"https:\/\/yesimkorkut.com\/secili-kitaplar-yayinlar\/"},"modified":"2024-03-04T20:52:14","modified_gmt":"2024-03-04T17:52:14","slug":"selected-publications","status":"publish","type":"page","link":"https:\/\/yesimkorkut.com\/en\/selected-publications\/","title":{"rendered":"Selected Publications"},"content":{"rendered":"<p>Korkut, Y. &amp; Sinclair, C. (2020) Integrating emotion and other nonrational factors into<br \/>\nethics education and training in professional psychology,\u00a0Ethics &amp; Behavior,\u00a0DOI:\u00a010.1080\/10508422.2020.1716766.<br \/>\nLink:\u00a0\u200b<a href=\"https:\/\/www.tandfonline.com\/doi\/full\/10.1080\/10508422.2020.1716766?scroll=top&amp;needAccess=true\">https:\/\/www.tandfonline.com\/doi\/full\/10.1080\/10508422.2020.1716766?scroll=top&amp;needAccess=true<\/a><br \/>\n\u200b<br \/>\nYesim, K. (2020). Teachingand learn\u0131ng psychology ethics as a meaningful and enjoyable\u00a0experience.\u00a0Psychology in Russia: State of the art,\u00a013(1).<br \/>\nLink:\u00a0<a href=\"https:\/\/cyberleninka.ru\/article\/n\/teaching-and-learning-psychology-ethics-as-a-meaningful-and-enjoyable-experience\">https:\/\/cyberleninka.ru\/article\/n\/teaching-and-learning-psychology-ethics-as-a-meaningful-and-enjoyable-experience<\/a><br \/>\n\u200b<br \/>\nKorkut, Y. &amp; Aktas, A. (2019). Teaching Psychology Ethics in Turkey: The Evaluation of a Practical Study in Terms of Ethical Behavior, Moral Values and Adoption of Ethical Rules. Journal of Clinical Psychology Research, No: JCPR-2019-03-03.<br \/>\nLink:\u00a0<a href=\"https:\/\/ejmanager.com\/mnstemps\/12\/12-1551964437.pdf?t=1576529904\">https:\/\/ejmanager.com\/mnstemps\/12\/12-1551964437.pdf?t=1576529904<\/a><br \/>\n<a href=\"https:\/\/www.ejmanager.com\/mnstemps\/12\/12-1551964437.pdf?t=1588681418\">https:\/\/www.ejmanager.com\/mnstemps\/12\/12-1551964437.pdf?t=1588681418<\/a><br \/>\n\u200b<br \/>\nY\u0131ld\u0131r\u0131ml\u0131, E., Korkut, Y. (2015) Marital Adjustment and Attachment as Predictors of Health\u00a0Status and Health Behavior in Pregnancy. Journal of\u00a0Clinical Psychiatry, 18( 2 ):39-48. (PsycINFO).<br \/>\nLink:\u00a0<a href=\"https:\/\/psycnet.apa.org\/record\/2016-18613-001\">https:\/\/psycnet.apa.org\/record\/2016-18613-001<\/a><br \/>\n\u200b<br \/>\nKorkut,Y.(2010). \u201cDeveloping a National Code of Ethics in Psychology in Turkey:\u00a0Balancing International Ethical Systems Guides with a Nation\u2019s Unique Culture. Ethics &amp; Behavior, 20 ( 3-4), 288-296. (SSCI \/ SCI Kapsam\u0131nda).<br \/>\nLink:\u00a0<a href=\"https:\/\/www.tandfonline.com\/doi\/abs\/10.1080\/10508421003799057\">https:\/\/www.tandfonline.com\/doi\/abs\/10.1080\/10508421003799057<\/a><\/p>\n<p>Korkut, Y.;Sertel Berk, \u00d6. (2009). \u201cAlzheimer hastalar\u0131na ve sa\u011fl\u0131kl\u0131\u00a0ya\u015fl\u0131lara bak\u0131mveren kad\u0131n yak\u0131nlarda bak\u0131m verme tarz\u0131, problem \u00e7\u00f6zme stratejileri, \u00f6fke tarzlar\u0131 ve Sa\u011fl\u0131k durumunun incelenmesi \u201c, Turkish Journal of Geriatrics, 12 (1), 1-12. \u00a0(SCI Kapsam\u0131nda).<br \/>\nLink:\u00a0<a href=\"https:\/\/avesis.istanbul.edu.tr\/yayin\/4239177e-6a5a-49c5-b767-55148d305388\/caregiving-style-problem-solving-strategies-anger-style-and-health-status-in-women-caregivers-of-alzheimer-patients-and-healthy-elderly\">https:\/\/avesis.istanbul.edu.tr\/yayin\/4239177e-6a5a-49c5-b767-55148d305388\/caregiving-style-problem-solving-strategies-anger-style-and-health-status-in-women-caregivers-of-alzheimer-patients-and-healthy-elderly<\/a><\/p>\n<p>Korkut,Y.(2009).Birle\u015fik Devletler Toplulu\u011fundan ( BDT) gelen ve T\u00fcrkiye\u2019de \u00e7al\u0131\u015fan\u00a0kad\u0131nlar: G\u00f6\u00e7e uyum s\u00fcrecini etkileyen risk fakt\u00f6rlerini de\u011ferlendiren bir anketin g\u00fcvenirlik ve ge\u00e7erlik sonu\u00e7lar\u0131. Women 2000, 7 (2), 41-54. (GenderWatch, Contemporary Women\u2019s Issues, General Academic ASAP International, MLA International Bibliography taraf\u0131ndan taranmaktad\u0131r).<br \/>\nLink:\u00a0<a href=\"http:\/\/cwsold.emu.edu.tr\/cwskaem_eng\/Volume%207.%202.pdf\">http:\/\/cwsold.emu.edu.tr\/cwskaem_eng\/Volume%207.%202.pdf<\/a><\/p>\n<p>Korkut,Y. (2019). Teaching and learning psychology ethics as a meaningful and enjoyable experience. Keynote Speech. XVI th European Congress of Psychology, Moscow.<br \/>\nLink:\u00a0<a href=\"https:\/\/ecp2019.ru\/about\/doc\/Congress_PRELIMINARY_Program_05062019.pdf\">https:\/\/ecp2019.ru\/about\/doc\/Congress_PRELIMINARY_Program_05062019.pdf<\/a><br \/>\n<a href=\"https:\/\/ecp2019.ru\/participants-and-organisers\/speakers\/ye-im-korkut\/\">https:\/\/ecp2019.ru\/participants-and-organisers\/speakers\/ye-im-korkut\/<\/a><\/p>\n<p>Korkut,Y.(2008). \u201cHemodiyaliz Hastalar\u0131n\u0131n \u00d6znel Uyku Kaliteleri \u00fczerine kar\u015f\u0131la\u015ft\u0131rmal\u0131\u00a0bir \u00e7al\u0131\u015fma ve uyku kalitesini yorday\u0131c\u0131 fakt\u00f6rlerin ara\u015ft\u0131r\u0131lmas\u0131&#8221;, \u00a0Bulletin of Clinical Psychopharmacology,18, 79-86 .(SCI Kapsam\u0131nda).<br \/>\nLink:\u00a0<a href=\"http:\/\/www.psikofarmakoloji.org\/pdf\/18_2_5.pdf\">http:\/\/www.psikofarmakoloji.org\/pdf\/18_2_5.pdf<\/a><\/p>\n<p>Korkut,Y. (2007). Diyaliz hastalar\u0131nda ya\u015fam kalitesi endeksinin g\u00fcvenirlik ve ge\u00e7erlilik \u00e7al\u0131\u015fmalar\u0131. Archives of Neuropsychiatry, 44 (1) , 14-18. (SCIE, EBSCO Database\u00a0kapsam\u0131nda).<br \/>\nLink:\u00a0<a href=\"https:\/\/www.noropsikiyatriarsivi.com\/tekSayi?id=51\">https:\/\/www.noropsikiyatriarsivi.com\/tekSayi?id=51<\/a><\/p>\n<p>Korkut,Y.; M\u00fcderriso\u011flu, S.; Tanik, M.( 2006).Klinik psikoloji alan\u0131nda kar\u015f\u0131la\u015f\u0131lan etik ihlal \u00f6rnekleri ve nas\u0131l ele al\u0131nd\u0131klar\u0131n\u0131n de\u011ferlendirilmesi . T\u00fcrk Psikoloji Yaz\u0131lar\u0131, 9 (18), 49-61.<br \/>\nLink: <a href=\"https:\/\/www.psikolog.org.tr\/tr\/yayinlar\/dergiler\/1031828\/tpy1301996120060000m000172.pdf\">https:\/\/www.psikolog.org.tr\/tr\/yayinlar\/dergiler\/1031828\/tpy1301996120060000m000172.pdf<\/a><\/p>\n<h4>National and International Books or Chapters in Books<\/h4>\n<p>Ferrero, A., Korkut, Y., Leach, M. M., Lindsay, G., &amp; Stevens, M. J. (Ed.) (2012). <em>The Oxford Handbook of International Psychological Ethics<\/em>. Oxford University Press.<br \/>\nLink:\u00a0<a href=\"https:\/\/global.oup.com\/academic\/product\/the-oxford-handbook-of-international-psychological-ethics-9780199739165?cc=tr&amp;lang=en&amp;#\">https:\/\/global.oup.com\/academic\/product\/the-oxford-handbook-of-international-psychological-ethics-9780199739165?cc=tr&amp;lang=en&amp;#<\/a><\/p>\n<p>Korkut, Y. (2017).John Bowlby\u2019nin Ba\u011flanma, Ayr\u0131l\u0131k ve Kay\u0131p \u00dczerine \u00c7al\u0131\u015fmalar\u0131.\u00a0Ayr\u0131l\u0131k.Edit\u00f6r Deniz A. K\u0131rcal\u0131, Psike \u0130stanbul Psikanaliz Kitaplar\u0131 serisi; ( 25-34 ) \u0130stanbul, Bilgi \u00fcniversitesi Yay\u0131nlar\u0131.<br \/>\nLink:\u00a0<a href=\"http:\/\/www.psikeistanbul.org\/etkinlik-detay\/nws01\/ayrilik\/TRPSKKTP\/698\/\">http:\/\/www.psikeistanbul.org\/etkinlik-detay\/nws01\/ayrilik\/TRPSKKTP\/698\/<\/a><br \/>\n\u200b<br \/>\nKorkut, Y. (2014). Karde\u015fler: Tarihsel ve g\u00fcncel \u00f6rneklerle Karde\u015f ili\u015fkilerine Nesne\u00a0\u0130li\u015fkileri kuram\u0131 \u00e7er\u00e7evesinden bir bak\u0131\u015f. Karde\u015fi Anlatmak; (17-28). Psike \u0130stanbul Psikanaliz Kitapl\u0131\u011f\u0131, \u0130stanbul Bilgi Universitesi Yay\u0131nlar\u0131.<br \/>\nLink:\u00a0<a href=\"https:\/\/www.idefix.com\/kitap\/kardesi-anla-t-mak\/kolektif\/egitim-basvuru\/psikoloji-bilimi\/urunno=0000000625222\">https:\/\/www.idefix.com\/kitap\/kardesi-anla-t-mak\/kolektif\/egitim-basvuru\/psikoloji-bilimi\/urunno=0000000625222<\/a><br \/>\n\u200b<br \/>\nKorkut, Y. (2012). G\u0131lgam\u0131\u015f Destan\u0131: G\u00fcn\u00fcm\u00fczde \u0130nsan Ruhunu Anlamak \u0130\u00e7in Zengin Bir\u00a0Kaynak , D\u00fc\u015fler, D\u00fc\u015flemler ve Masallar, 147-156, Psike \u0130stanbul Psikanaliz Kitapl\u0131\u011f\u0131, \u0130stanbul Bilgi \u00dcniversitesi Yay\u0131nlar\u0131.<br \/>\nLink:\u00a0<a href=\"http:\/\/www.psikeistanbul.org\/etkinlik-detay\/nws01\/-\/TRPSKKLTP\/115\/\">http:\/\/www.psikeistanbul.org\/etkinlik-detay\/nws01\/-\/TRPSKKLTP\/115\/<\/a><\/p>\n<p>Korkut, Y. (2011). Psikanalitik Aile Terapileri. Psikanalitik Psikoterapi Asistan Egitimi El\u00a0Kitab\u0131, Psikanalitik Psikoterapiler: Temel Kavramlar, Kuramlar ve Y\u00f6ntemler; (51-57), T\u00fcrkiye Psikiyatri Derne\u011fi Yay\u0131nlar\u0131.<br \/>\nLink:\u00a0<a href=\"https:\/\/www.psikiyatri.org.tr\/uploadFiles\/publicationsFile\/file\/29112011221251-PsikanalitikPsikoterapiler_upload.pdf\">https:\/\/www.psikiyatri.org.tr\/uploadFiles\/publicationsFile\/file\/29112011221251-PsikanalitikPsikoterapiler_upload.pdf<\/a><br \/>\n\u200b<br \/>\nKorkut, Y. (2014).\u00a0\u00a0<em>Psikologlar i\u00e7in Etik \u00d6\u011fretim El Kitab\u0131<\/em>.\u00a0T\u00fcrk Psikologlar Derne\u011fi\u00a0Yay\u0131nlar\u0131 No: 42, K\u0131z\u0131lay Ankara.<br \/>\nLink:\u00a0<a href=\"https:\/\/www.psikolog.org.tr\/tr\/haberler\/www\/psikologlar-icin-etik-ogretim-el-kitabi-cikti-4873\">https:\/\/www.psikolog.org.tr\/tr\/haberler\/www\/psikologlar-icin-etik-ogretim-el-kitabi-cikti-4873<\/a><br \/>\n\u200b<br \/>\nErten, Y. Korkut, Y. (2014). Peter Sellers\u2019in Ya\u015fam\u0131 ve \u00d6l\u00fcm\u00fc: Babal\u0131k \u0130\u015flevinin Kayb\u0131na\u00a0dair\u201d.\u00a0Sinema ve Psikanaliz 2\/ Kay\u0131p ve Zaman. 23-31, Psike \u0130stanbul Psikanaliz Kitapl\u0131\u011f\u0131, \u0130stanbul Bilgi Universitesi Yay\u0131nlar\u0131.<br \/>\nLink:\u00a0<a href=\"https:\/\/bilgiyay.com\/kitap\/sinema-ve-psikanaliz-2-kayip-ve-zaman\/\">https:\/\/bilgiyay.com\/kitap\/sinema-ve-psikanaliz-2-kayip-ve-zaman\/<\/a><\/p>\n<p>Korkut,Y. (2013). Masallar ve Psikanaliz Evreninde E.T.A Hoffmann, der Sandmann adl\u0131\u00a0eseri ve Claude Ponti ile bir yolculuk. Masallar\u0131n Evreni Sempozyumu. Say\u0131 72 , 173-177. Cogito: Tuhafl\u0131k ve Yarat\u0131c\u0131l\u0131k. Yap\u0131 Kredi Yay\u0131nlar\u0131.<br \/>\nLink:\u00a0<a href=\"http:\/\/kitap.ykykultur.com.tr\/dergiler\/cogito\/tuhaflik-ve-yaraticilik\">http:\/\/kitap.ykykultur.com.tr\/dergiler\/cogito\/tuhaflik-ve-yaraticilik<\/a><\/p>\n<p>Scherer-Korkut, Y. (1998). Bericht \u00fcber ein Schulungsprojekt f\u00fcr T\u00fcrkische M\u00fctter und die\u00a0Fr\u00fchf\u00f6rderung ihrer Kinder. Unter: Raulf, B.; Schenk, S.,Huwiler, K.\u00a0<em>Startbedingungen f\u00fcr Familien<\/em>, (249-265), Z\u00fcrich: Pro Juventute.<\/p>\n","protected":false},"excerpt":{"rendered":"<p>Korkut, Y. &amp; Sinclair, C. (2020) Integrating emotion and other nonrational factors into ethics education and training in professional psychology,\u00a0Ethics &amp; Behavior,\u00a0DOI:\u00a010.1080\/10508422.2020.1716766. Link:\u00a0\u200bhttps:\/\/www.tandfonline.com\/doi\/full\/10.1080\/10508422.2020.1716766?scroll=top&amp;needAccess=true \u200b Yesim, K. (2020). Teachingand learn\u0131ng psychology ethics as a meaningful and enjoyable\u00a0experience.\u00a0Psychology in Russia: State of the art,\u00a013(1). Link:\u00a0https:\/\/cyberleninka.ru\/article\/n\/teaching-and-learning-psychology-ethics-as-a-meaningful-and-enjoyable-experience \u200b Korkut, Y. &amp; Aktas, A. (2019). Teaching Psychology Ethics in Turkey:<\/p>\n","protected":false},"author":2,"featured_media":0,"parent":0,"menu_order":0,"comment_status":"closed","ping_status":"closed","template":"","meta":{"footnotes":""},"yoast_head":"<!-- This site is optimized with the Yoast SEO plugin v22.1 - https:\/\/yoast.com\/wordpress\/plugins\/seo\/ -->\n<title>Selected Publications - Prof. Dr. Ye\u015fim Korkut<\/title>\n<meta name=\"robots\" content=\"index, follow, max-snippet:-1, max-image-preview:large, max-video-preview:-1\" \/>\n<link rel=\"canonical\" href=\"https:\/\/yesimkorkut.com\/en\/selected-publications\/\" \/>\n<meta property=\"og:locale\" content=\"en_US\" \/>\n<meta property=\"og:type\" content=\"article\" \/>\n<meta property=\"og:title\" content=\"Selected Publications - Prof. Dr. Ye\u015fim Korkut\" \/>\n<meta property=\"og:description\" content=\"Korkut, Y. &amp; Sinclair, C. (2020) Integrating emotion and other nonrational factors into ethics education and training in professional psychology,\u00a0Ethics &amp; Behavior,\u00a0DOI:\u00a010.1080\/10508422.2020.1716766. Link:\u00a0\u200bhttps:\/\/www.tandfonline.com\/doi\/full\/10.1080\/10508422.2020.1716766?scroll=top&amp;needAccess=true \u200b Yesim, K. (2020). Teachingand learn\u0131ng psychology ethics as a meaningful and enjoyable\u00a0experience.\u00a0Psychology in Russia: State of the art,\u00a013(1). Link:\u00a0https:\/\/cyberleninka.ru\/article\/n\/teaching-and-learning-psychology-ethics-as-a-meaningful-and-enjoyable-experience \u200b Korkut, Y. &amp; Aktas, A. (2019). Teaching Psychology Ethics in Turkey:\" \/>\n<meta property=\"og:url\" content=\"https:\/\/yesimkorkut.com\/en\/selected-publications\/\" \/>\n<meta property=\"og:site_name\" content=\"Prof. Dr. Ye\u015fim Korkut\" \/>\n<meta property=\"article:modified_time\" content=\"2024-03-04T17:52:14+00:00\" \/>\n<meta name=\"twitter:card\" content=\"summary_large_image\" \/>\n<meta name=\"twitter:label1\" content=\"Est. reading time\" \/>\n\t<meta name=\"twitter:data1\" content=\"6 minutes\" \/>\n<script type=\"application\/ld+json\" class=\"yoast-schema-graph\">{\"@context\":\"https:\/\/schema.org\",\"@graph\":[{\"@type\":\"WebPage\",\"@id\":\"https:\/\/yesimkorkut.com\/en\/selected-publications\/\",\"url\":\"https:\/\/yesimkorkut.com\/en\/selected-publications\/\",\"name\":\"Selected Publications - Prof. Dr. Ye\u015fim Korkut\",\"isPartOf\":{\"@id\":\"https:\/\/yesimkorkut.com\/#website\"},\"datePublished\":\"2024-02-27T10:44:27+00:00\",\"dateModified\":\"2024-03-04T17:52:14+00:00\",\"breadcrumb\":{\"@id\":\"https:\/\/yesimkorkut.com\/en\/selected-publications\/#breadcrumb\"},\"inLanguage\":\"en-US\",\"potentialAction\":[{\"@type\":\"ReadAction\",\"target\":[\"https:\/\/yesimkorkut.com\/en\/selected-publications\/\"]}]},{\"@type\":\"BreadcrumbList\",\"@id\":\"https:\/\/yesimkorkut.com\/en\/selected-publications\/#breadcrumb\",\"itemListElement\":[{\"@type\":\"ListItem\",\"position\":1,\"name\":\"Anasayfa\",\"item\":\"https:\/\/yesimkorkut.com\/anasayfa\/\"},{\"@type\":\"ListItem\",\"position\":2,\"name\":\"Selected Publications\"}]},{\"@type\":\"WebSite\",\"@id\":\"https:\/\/yesimkorkut.com\/#website\",\"url\":\"https:\/\/yesimkorkut.com\/\",\"name\":\"Prof. Dr. Ye\u015fim Korkut\",\"description\":\"Klinik Psikolog Psikanalist\",\"potentialAction\":[{\"@type\":\"SearchAction\",\"target\":{\"@type\":\"EntryPoint\",\"urlTemplate\":\"https:\/\/yesimkorkut.com\/?s={search_term_string}\"},\"query-input\":\"required name=search_term_string\"}],\"inLanguage\":\"en-US\"}]}<\/script>\n<!-- \/ Yoast SEO plugin. -->","yoast_head_json":{"title":"Selected Publications - Prof. Dr. Ye\u015fim Korkut","robots":{"index":"index","follow":"follow","max-snippet":"max-snippet:-1","max-image-preview":"max-image-preview:large","max-video-preview":"max-video-preview:-1"},"canonical":"https:\/\/yesimkorkut.com\/en\/selected-publications\/","og_locale":"en_US","og_type":"article","og_title":"Selected Publications - Prof. Dr. Ye\u015fim Korkut","og_description":"Korkut, Y. &amp; Sinclair, C. (2020) Integrating emotion and other nonrational factors into ethics education and training in professional psychology,\u00a0Ethics &amp; Behavior,\u00a0DOI:\u00a010.1080\/10508422.2020.1716766. Link:\u00a0\u200bhttps:\/\/www.tandfonline.com\/doi\/full\/10.1080\/10508422.2020.1716766?scroll=top&amp;needAccess=true \u200b Yesim, K. (2020). Teachingand learn\u0131ng psychology ethics as a meaningful and enjoyable\u00a0experience.\u00a0Psychology in Russia: State of the art,\u00a013(1). Link:\u00a0https:\/\/cyberleninka.ru\/article\/n\/teaching-and-learning-psychology-ethics-as-a-meaningful-and-enjoyable-experience \u200b Korkut, Y. &amp; Aktas, A. (2019). Teaching Psychology Ethics in Turkey:","og_url":"https:\/\/yesimkorkut.com\/en\/selected-publications\/","og_site_name":"Prof. Dr. Ye\u015fim Korkut","article_modified_time":"2024-03-04T17:52:14+00:00","twitter_card":"summary_large_image","twitter_misc":{"Est. reading time":"6 minutes"},"schema":{"@context":"https:\/\/schema.org","@graph":[{"@type":"WebPage","@id":"https:\/\/yesimkorkut.com\/en\/selected-publications\/","url":"https:\/\/yesimkorkut.com\/en\/selected-publications\/","name":"Selected Publications - Prof. Dr. Ye\u015fim Korkut","isPartOf":{"@id":"https:\/\/yesimkorkut.com\/#website"},"datePublished":"2024-02-27T10:44:27+00:00","dateModified":"2024-03-04T17:52:14+00:00","breadcrumb":{"@id":"https:\/\/yesimkorkut.com\/en\/selected-publications\/#breadcrumb"},"inLanguage":"en-US","potentialAction":[{"@type":"ReadAction","target":["https:\/\/yesimkorkut.com\/en\/selected-publications\/"]}]},{"@type":"BreadcrumbList","@id":"https:\/\/yesimkorkut.com\/en\/selected-publications\/#breadcrumb","itemListElement":[{"@type":"ListItem","position":1,"name":"Anasayfa","item":"https:\/\/yesimkorkut.com\/anasayfa\/"},{"@type":"ListItem","position":2,"name":"Selected Publications"}]},{"@type":"WebSite","@id":"https:\/\/yesimkorkut.com\/#website","url":"https:\/\/yesimkorkut.com\/","name":"Prof. Dr. Ye\u015fim Korkut","description":"Klinik Psikolog Psikanalist","potentialAction":[{"@type":"SearchAction","target":{"@type":"EntryPoint","urlTemplate":"https:\/\/yesimkorkut.com\/?s={search_term_string}"},"query-input":"required name=search_term_string"}],"inLanguage":"en-US"}]}},"_links":{"self":[{"href":"https:\/\/yesimkorkut.com\/en\/wp-json\/wp\/v2\/pages\/686"}],"collection":[{"href":"https:\/\/yesimkorkut.com\/en\/wp-json\/wp\/v2\/pages"}],"about":[{"href":"https:\/\/yesimkorkut.com\/en\/wp-json\/wp\/v2\/types\/page"}],"author":[{"embeddable":true,"href":"https:\/\/yesimkorkut.com\/en\/wp-json\/wp\/v2\/users\/2"}],"replies":[{"embeddable":true,"href":"https:\/\/yesimkorkut.com\/en\/wp-json\/wp\/v2\/comments?post=686"}],"version-history":[{"count":5,"href":"https:\/\/yesimkorkut.com\/en\/wp-json\/wp\/v2\/pages\/686\/revisions"}],"predecessor-version":[{"id":835,"href":"https:\/\/yesimkorkut.com\/en\/wp-json\/wp\/v2\/pages\/686\/revisions\/835"}],"wp:attachment":[{"href":"https:\/\/yesimkorkut.com\/en\/wp-json\/wp\/v2\/media?parent=686"}],"curies":[{"name":"wp","href":"https:\/\/api.w.org\/{rel}","templated":true}]}}